{"id":6,"date":"2021-11-10T19:48:57","date_gmt":"2021-11-10T19:48:57","guid":{"rendered":"http:\/\/www.uce-cyl.org\/web\/?page_id=6"},"modified":"2022-01-22T07:38:30","modified_gmt":"2022-01-22T07:38:30","slug":"inicio","status":"publish","type":"page","link":"https:\/\/www.uce-cyl.org\/web\/","title":{"rendered":"Portada"},"content":{"rendered":"\n\n\n\n<h5 class=\"separador_portada has-white-color has-text-color has-background wp-block-heading\" style=\"background-color:#2d7006\"><strong>\u00daLTIMAS NOTICIAS<\/strong><\/h5>\n\n\n\n<p><\/p>\n\n\n\n<div class=\"wp-block-query is-layout-flow wp-block-query-is-layout-flow\"><ul class=\"is-flex-container columns-3 wp-block-post-template is-layout-flow wp-block-post-template-is-layout-flow\"><li class=\"wp-block-post post-1461 post type-post status-publish format-standard has-post-thumbnail hentry category-ciclo-de-foros category-noticias tag-266 tag-apagon tag-consumes tag-factura-luz tag-formacion-2 tag-pvpc\">\n<figure class=\"alignwide wp-block-post-featured-image\"><a href=\"https:\/\/www.uce-cyl.org\/web\/2026\/03\/24\/ciclo-de-encuentros-informativos-on-line-2\/\" target=\"_self\"  ><img loading=\"lazy\" decoding=\"async\" width=\"920\" height=\"920\" src=\"https:\/\/www.uce-cyl.org\/web\/wp-content\/uploads\/2026\/03\/Imagen-REDESWEB-VARIOS-ARCHIVOS-20.jpg\" class=\"attachment-post-thumbnail size-post-thumbnail wp-post-image\" alt=\"Ciclo de encuentros informativos\u00a0on line.\" style=\"object-fit:cover;\" srcset=\"https:\/\/www.uce-cyl.org\/web\/wp-content\/uploads\/2026\/03\/Imagen-REDESWEB-VARIOS-ARCHIVOS-20.jpg 920w, https:\/\/www.uce-cyl.org\/web\/wp-content\/uploads\/2026\/03\/Imagen-REDESWEB-VARIOS-ARCHIVOS-20-300x300.jpg 300w, https:\/\/www.uce-cyl.org\/web\/wp-content\/uploads\/2026\/03\/Imagen-REDESWEB-VARIOS-ARCHIVOS-20-150x150.jpg 150w, https:\/\/www.uce-cyl.org\/web\/wp-content\/uploads\/2026\/03\/Imagen-REDESWEB-VARIOS-ARCHIVOS-20-768x768.jpg 768w\" sizes=\"auto, (max-width: 920px) 100vw, 920px\" \/><\/a><\/figure>\n\n<h3 class=\"wp-block-post-title\"><a href=\"https:\/\/www.uce-cyl.org\/web\/2026\/03\/24\/ciclo-de-encuentros-informativos-on-line-2\/\" target=\"_self\" >Ciclo de encuentros informativos\u00a0on line.<\/a><\/h3>\n\n<div class=\"wp-block-post-excerpt\"><p class=\"wp-block-post-excerpt__excerpt\">EL IMPACTO DE LA OPERACI\u00d3N REFORZADA EN LA FACTURA DE LA LUZ. Este evento analizar\u00e1 el impacto de la&nbsp;&#8220;Operaci\u00f3n Reforzada&#8221;&nbsp;en el sistema el\u00e9ctrico espa\u00f1ol tras&hellip; <\/p><\/div>\n\n\n<hr class=\"wp-block-separator\"\/>\n\n\n<div class=\"wp-block-post-date\"><time datetime=\"2026-03-24T11:13:30+00:00\">24 de marzo de 2026<\/time><\/div>\n<\/li><li class=\"wp-block-post post-1455 post type-post status-publish format-standard has-post-thumbnail hentry category-noticias tag-266 tag-arbitraje tag-ayuntamiento-valladolid tag-clic tag-compra-en-linea tag-derechos tag-dia-consumidor tag-fraude\">\n<figure class=\"alignwide wp-block-post-featured-image\"><a href=\"https:\/\/www.uce-cyl.org\/web\/2026\/03\/10\/charla-del-clic-al-cargo\/\" target=\"_self\"  ><img loading=\"lazy\" decoding=\"async\" width=\"1225\" height=\"997\" src=\"https:\/\/www.uce-cyl.org\/web\/wp-content\/uploads\/2026\/03\/cartel-charla-dia-del-consumidor-17-03-2026-a.jpg\" class=\"attachment-post-thumbnail size-post-thumbnail wp-post-image\" alt=\"Charla: DEL CLIC AL CARGO\" style=\"object-fit:cover;\" srcset=\"https:\/\/www.uce-cyl.org\/web\/wp-content\/uploads\/2026\/03\/cartel-charla-dia-del-consumidor-17-03-2026-a.jpg 1225w, https:\/\/www.uce-cyl.org\/web\/wp-content\/uploads\/2026\/03\/cartel-charla-dia-del-consumidor-17-03-2026-a-300x244.jpg 300w, https:\/\/www.uce-cyl.org\/web\/wp-content\/uploads\/2026\/03\/cartel-charla-dia-del-consumidor-17-03-2026-a-1024x833.jpg 1024w, https:\/\/www.uce-cyl.org\/web\/wp-content\/uploads\/2026\/03\/cartel-charla-dia-del-consumidor-17-03-2026-a-768x625.jpg 768w\" sizes=\"auto, (max-width: 1225px) 100vw, 1225px\" \/><\/a><\/figure>\n\n<h3 class=\"wp-block-post-title\"><a href=\"https:\/\/www.uce-cyl.org\/web\/2026\/03\/10\/charla-del-clic-al-cargo\/\" target=\"_self\" >Charla: DEL CLIC AL CARGO<\/a><\/h3>\n\n<div class=\"wp-block-post-excerpt\"><p class=\"wp-block-post-excerpt__excerpt\">CHARLA PARA J\u00d3VENES. En ella se desarollar\u00e1 los Derechos y los Riesgos de Comprar en l\u00ednea. Por la celebraci\u00f3n del D\u00eda de los Derechos del&hellip; <\/p><\/div>\n\n\n<hr class=\"wp-block-separator\"\/>\n\n\n<div class=\"wp-block-post-date\"><time datetime=\"2026-03-10T12:52:01+00:00\">10 de marzo de 2026<\/time><\/div>\n<\/li><li class=\"wp-block-post post-1449 post type-post status-publish format-standard has-post-thumbnail hentry category-ciclo-de-foros tag-195 tag-apagon tag-consumes tag-foro tag-youtube\">\n<figure class=\"alignwide wp-block-post-featured-image\"><a href=\"https:\/\/www.uce-cyl.org\/web\/2026\/02\/24\/ciclo-de-encuentros-informativos-on-line\/\" target=\"_self\"  ><img loading=\"lazy\" decoding=\"async\" width=\"920\" height=\"920\" src=\"https:\/\/www.uce-cyl.org\/web\/wp-content\/uploads\/2026\/02\/Imagen-REDESWEB-VARIOS-ARCHIVOS-13.jpg\" class=\"attachment-post-thumbnail size-post-thumbnail wp-post-image\" alt=\"Ciclo de encuentros informativos\u00a0on line.\" style=\"object-fit:cover;\" srcset=\"https:\/\/www.uce-cyl.org\/web\/wp-content\/uploads\/2026\/02\/Imagen-REDESWEB-VARIOS-ARCHIVOS-13.jpg 920w, https:\/\/www.uce-cyl.org\/web\/wp-content\/uploads\/2026\/02\/Imagen-REDESWEB-VARIOS-ARCHIVOS-13-300x300.jpg 300w, https:\/\/www.uce-cyl.org\/web\/wp-content\/uploads\/2026\/02\/Imagen-REDESWEB-VARIOS-ARCHIVOS-13-150x150.jpg 150w, https:\/\/www.uce-cyl.org\/web\/wp-content\/uploads\/2026\/02\/Imagen-REDESWEB-VARIOS-ARCHIVOS-13-768x768.jpg 768w\" sizes=\"auto, (max-width: 920px) 100vw, 920px\" \/><\/a><\/figure>\n\n<h3 class=\"wp-block-post-title\"><a href=\"https:\/\/www.uce-cyl.org\/web\/2026\/02\/24\/ciclo-de-encuentros-informativos-on-line\/\" target=\"_self\" >Ciclo de encuentros informativos\u00a0on line.<\/a><\/h3>\n\n<div class=\"wp-block-post-excerpt\"><p class=\"wp-block-post-excerpt__excerpt\">\u00bfConoces las causas del APAG\u00d3N de 2025? FECHA y HORA:27 de febrero de 2026. 10.00 horas. LUGAR:Canal de Youtube de ConsumES. En este encuentro se&hellip; <\/p><\/div>\n\n\n<hr class=\"wp-block-separator\"\/>\n\n\n<div class=\"wp-block-post-date\"><time datetime=\"2026-02-24T12:55:55+00:00\">24 de febrero de 2026<\/time><\/div>\n<\/li><\/ul><\/div>\n\n\n\n<h5 class=\"separador_portada has-white-color has-text-color has-background wp-block-heading\" style=\"background-color:#2d7006\"><strong>LO M\u00c1S VISTO DEL MES<\/strong><\/h5>\n\n\n<div class=\"widget popular-posts\"><script type=\"application\/json\">{\"title\":\"\",\"limit\":\"10\",\"offset\":0,\"range\":\"last30days\",\"time_quantity\":\"24\",\"time_unit\":\"hour\",\"freshness\":false,\"order_by\":\"views\",\"post_type\":\"post\",\"pid\":\"\",\"taxonomy\":\"category\",\"term_id\":\"\",\"author\":\"\",\"shorten_title\":{\"active\":false,\"length\":0,\"words\":false},\"post-excerpt\":{\"active\":true,\"length\":\"75\",\"keep_format\":false,\"words\":false},\"thumbnail\":{\"active\":true,\"width\":\"120\",\"height\":\"75\",\"build\":\"manual\",\"size\":\"\"},\"rating\":false,\"stats_tag\":{\"comment_count\":true,\"views\":true,\"author\":false,\"date\":{\"active\":true,\"format\":\"d\\\/m\\\/Y\"},\"taxonomy\":{\"active\":true,\"name\":\"category\"}},\"markup\":{\"custom_html\":true,\"wpp-start\":\"<ul class=\\\"wpp-list wpp-cards\\\">\",\"wpp-end\":\"<\\\/ul>\",\"title-start\":\"<h2>\",\"title-end\":\"<\\\/h2>\",\"post-html\":\"<li class=\\\"{current_class}\\\">{thumb_img} <div class=\\\"wpp-item-data\\\"><div class=\\\"taxonomies\\\">{taxonomy}<\\\/div>{title} <p class=\\\"wpp-excerpt\\\">{excerpt}<\\\/p><\\\/div><\\\/li>\"},\"theme\":{\"name\":\"cards\"}}<\/script><div class=\"wpp-widget-block-placeholder\"><\/div><\/div>\n\n\n<p><\/p>\n","protected":false},"excerpt":{"rendered":"<p>LO M\u00c1S VISTO DEL MES<\/p>\n","protected":false},"author":2,"featured_media":0,"parent":0,"menu_order":0,"comment_status":"closed","ping_status":"closed","template":"","meta":{"footnotes":""},"class_list":["post-6","page","type-page","status-publish","hentry"],"_links":{"self":[{"href":"https:\/\/www.uce-cyl.org\/web\/wp-json\/wp\/v2\/pages\/6","targetHints":{"allow":["GET"]}}],"collection":[{"href":"https:\/\/www.uce-cyl.org\/web\/wp-json\/wp\/v2\/pages"}],"about":[{"href":"https:\/\/www.uce-cyl.org\/web\/wp-json\/wp\/v2\/types\/page"}],"author":[{"embeddable":true,"href":"https:\/\/www.uce-cyl.org\/web\/wp-json\/wp\/v2\/users\/2"}],"replies":[{"embeddable":true,"href":"https:\/\/www.uce-cyl.org\/web\/wp-json\/wp\/v2\/comments?post=6"}],"version-history":[{"count":79,"href":"https:\/\/www.uce-cyl.org\/web\/wp-json\/wp\/v2\/pages\/6\/revisions"}],"predecessor-version":[{"id":603,"href":"https:\/\/www.uce-cyl.org\/web\/wp-json\/wp\/v2\/pages\/6\/revisions\/603"}],"wp:attachment":[{"href":"https:\/\/www.uce-cyl.org\/web\/wp-json\/wp\/v2\/media?parent=6"}],"curies":[{"name":"wp","href":"https:\/\/api.w.org\/{rel}","templated":true}]}}