{"id":3,"date":"2021-11-08T18:28:01","date_gmt":"2021-11-08T18:28:01","guid":{"rendered":"http:\/\/www.uce-cyl.org\/web\/?page_id=3"},"modified":"2022-01-22T07:38:59","modified_gmt":"2022-01-22T07:38:59","slug":"politica-privacidad","status":"publish","type":"page","link":"https:\/\/www.uce-cyl.org\/web\/politica-privacidad\/","title":{"rendered":"Pol\u00edtica de privacidad"},"content":{"rendered":"\n<p>En cumplimiento de la Normativa Europea para proteger la privacidad de personas y el correcto uso de sus datos (RGPD) a partir del 25 de mayo de 2018, nuestros t\u00e9rminos de protecci\u00f3n de datos mejoran la informaci\u00f3n facilitada hasta el momento:<\/p>\n\n\n\n<p>1&nbsp;<strong>\u2013 Responsable&nbsp;<\/strong><\/p>\n\n\n\n<ul class=\"wp-block-list\"><li>Titular: UNI\u00d3N DE CONSUMIDORES DE CASTILLA Y LE\u00d3N.<\/li><li>NIF: G- 47054614<\/li><li>Domicilio social: C\/ General Almirante, 7 &#8211; 1\u00ba Dch., 47003 Valladolid.<\/li><\/ul>\n\n\n\n<p>2 \u2013&nbsp;<strong>Informaci\u00f3n y consentimiento&nbsp;<\/strong><\/p>\n\n\n\n<p>Mediante la aceptaci\u00f3n de la presente Pol\u00edtica de Privacidad, la persona Usuaria queda informada y presta su consentimiento libre, informado, espec\u00edfico e inequ\u00edvoco para que sus datos personales sean tratados por Uni\u00f3n de Consumidores de Castilla y Le\u00f3n.<\/p>\n\n\n\n<p>3 \u2013&nbsp;<strong>\u00bfCon qu\u00e9 finalidad tratar\u00e1 UNI\u00d3N DE CONSUMIDORES DE CASTILLA Y LE\u00d3N los datos personales de la persona usuaria?<\/strong><\/p>\n\n\n\n<p>Los datos personales facilitados de la persona Usuaria ser\u00e1n tratados por Uni\u00f3n de Consumidores de Castilla y Le\u00f3n conforme a las siguientes finalidades:<\/p>\n\n\n\n<ul class=\"wp-block-list\"><li>Llevar a cabo la prestaci\u00f3n de los servicios solicitados, tanto en calidad de persona asociada como solicitante de informaci\u00f3n o para la gesti\u00f3n de consultas y reclamaciones, tanto judiciales como extrajudiciales, que fueran solicitadas, as\u00ed como el mantenimiento de la relaci\u00f3n asociativa y el seguimiento de la misma.<\/li><li>Gestionar, tramitar y dar respuesta a peticiones, solicitudes, incidencias, quejas, reclamaciones o consultas de la persona Usuaria.<\/li><li>Gestionar el env\u00edo de comunicaciones informativas sobre actividades de la Uni\u00f3n de Consumidores de Castilla y Le\u00f3n o noticias destacadas de inter\u00e9s para las personas consumidoras por medios electr\u00f3nicos y\/o convencionales.<\/li><li>Elaborar un perfil comercial, recurriendo a fuentes propias para ofrecer al Usuario productos y servicios de acuerdo con sus intereses.<\/li><\/ul>\n\n\n\n<p>4 \u2013&nbsp;<strong>\u00bfDurante cu\u00e1nto tiempo tratar\u00e1&nbsp;Uni\u00f3n de Consumidores de Castilla y Le\u00f3n los datos de la persona usuaria?<\/strong><\/p>\n\n\n\n<p>Los datos de la persona Usuaria relacionados con el cumplimiento de la relaci\u00f3n asociativa ser\u00e1n conservados con ese fin durante todo el tiempo en que la relaci\u00f3n est\u00e9 vigente y, a\u00fan despu\u00e9s, durante todo el tiempo exigido por la legislaci\u00f3n aplicable y hasta que prescriban las eventuales responsabilidades derivadas de la asociaci\u00f3n. En lo relativo al env\u00edo de comunicaciones, respuestas a consultas o quejas, Uni\u00f3n de Consumidores de Castilla y Le\u00f3n tratar\u00e1 los datos de la persona Usuaria, hasta que \u00e9sta se oponga.<\/p>\n\n\n\n<p>5 \u2013&nbsp;<strong>\u00bfQu\u00e9 datos de la persona usuaria tratar\u00e1 Uni\u00f3n de Consumidores de Castilla y Le\u00f3n?<\/strong><\/p>\n\n\n\n<p>Uni\u00f3n de Consumidores de Castilla y Le\u00f3n tratar\u00e1 las siguientes categor\u00edas de datos del Usuario:<\/p>\n\n\n\n<ul class=\"wp-block-list\"><li>Datos identificativos: nombre, apellidos y DNI.<\/li><li>Datos de contacto: direcci\u00f3n postal, direcci\u00f3n de correo electr\u00f3nico y tel\u00e9fono.<\/li><li>Datos de la consulta y\/o reclamaci\u00f3n: hechos, circunstancias y actuaciones de la misma.<\/li><\/ul>\n\n\n\n<p>En caso de que la persona Usuaria facilite datos de terceros, manifiesta contar con el consentimiento de los mismos y se compromete a trasladarle la informaci\u00f3n contenida en la Pol\u00edtica de Privacidad, eximiendo a Uni\u00f3n de Consumidores de Castilla y Le\u00f3n de cualquier responsabilidad en este sentido. No obstante, Uni\u00f3n de Consumidores de Castilla y Le\u00f3n podr\u00e1 llevar a cabo las verificaciones peri\u00f3dicas para constatar este hecho, adoptando las medidas de diligencia debida que correspondan, conforme a la normativa de protecci\u00f3n de datos.<\/p>\n\n\n\n<p>6 \u2013<strong>&nbsp;\u00bfCu\u00e1l es la legitimaci\u00f3n del tratamiento de los datos de la persona usuaria?<\/strong><\/p>\n\n\n\n<p>El tratamiento de los datos de la persona Usuaria por parte de Uni\u00f3n de Consumidores de Castilla y Le\u00f3n para el env\u00edo de comunicaciones o respuestas a consultas realizadas, est\u00e1 basado en el inter\u00e9s leg\u00edtimo de Uni\u00f3n de Consumidores de Castilla y Le\u00f3n de conformidad con lo establecido en el RGPD.<\/p>\n\n\n\n<p>Por otra parte, el tratamiento de los datos de la persona Usuaria para gestionar, tramitar y dar seguimiento a las consultas y reclamaciones realizadas por la persona Usuaria es la ejecuci\u00f3n del contrato de compraventa, por lo que el suministro de los datos con este fin es obligado e impedir\u00eda su cumplimiento en caso contrario.<\/p>\n\n\n\n<p>7 \u2013&nbsp;<strong>\u00bfA qu\u00e9 destinatarios se comunicar\u00e1n los datos de la persona usuaria?<\/strong><\/p>\n\n\n\n<p>En el caso de consultas realizadas por correo electr\u00f3nico o mediante la p\u00e1gina web, los datos de la persona Usuaria podr\u00e1n ser comunicados, \u00fanicamente, a las Administraciones P\u00fablicas en los casos previstos por la Ley.<\/p>\n\n\n\n<p>En el caso de reclamaciones, denuncias y actuaciones judiciales que se tramiten, los datos de las personas Usuarias que soliciten dicha intervenci\u00f3n podr\u00e1n ser comunicados tanto a las empresas reclamadas, denunciadas o demandadas, as\u00ed como a los organismos supervisores, Administraciones P\u00fablicas y los \u00f3rganos judiciales correspondientes.<\/p>\n\n\n\n<p>8 \u2013<strong>&nbsp;Comunicaciones<\/strong><\/p>\n\n\n\n<p>Una de las finalidades para las que Uni\u00f3n de Consumidores de Castilla y Le\u00f3n trata los datos personales proporcionados por parte de las personas Usuarias es para remitirles comunicaciones por medios electr\u00f3nicos y convencionales, con informaci\u00f3n relativa a consultas o reclamaciones realizadas, estado o renovaci\u00f3n de su condici\u00f3n de persona asociada, as\u00ed como actuaciones o noticias relevantes en materia de consumo para las personas Usuarias.<\/p>\n\n\n\n<p>Siempre que se realice alguna comunicaci\u00f3n de este tipo, \u00e9sta ser\u00e1 dirigida \u00fanica y exclusivamente a aquellas personas Usuarias que no hubieran manifestado previamente su negativa a la recepci\u00f3n de las mismas.<\/p>\n\n\n\n<p>En caso de que la persona Usuaria desee dejar de recibir comunicaciones de actividades, noticias o informaci\u00f3n diversa por parte de Uni\u00f3n de Consumidores de Castilla y Le\u00f3n puede solicitar la baja del servicio enviando un correo electr\u00f3nico a la siguiente direcci\u00f3n:&nbsp;<a href=\"mailto:admin@uce-cyl.org\">admin@uce-cyl.org<\/a><\/p>\n\n\n\n<p>9 \u2013&nbsp;<strong>Ejercicio de derechos<\/strong><\/p>\n\n\n\n<p>La persona Usuaria puede enviar un escrito a UNI\u00d3N DE CONSUMIDORES DE CASTILLA Y LE\u00d3N Departamento de Administraci\u00f3n \u2013 Protecci\u00f3n de datos, C\/ General Almirante, 7 &#8211; 1\u00ba Dch., 47003 Valladolid, o un correo electr\u00f3nico a&nbsp;<a href=\"mailto:info@uce-cyl.org\">info@uce-cyl.org<\/a>&nbsp;con la Referencia \u201cProtecci\u00f3n de Datos\u201d, adjuntando fotocopia de su documento de identidad, en cualquier momento y de manera gratuita, para:<\/p>\n\n\n\n<ul class=\"wp-block-list\"><li>Revocar los consentimientos otorgados.<\/li><li>Obtener confirmaci\u00f3n acerca de si en Uni\u00f3n de Consumidores de Castilla y Le\u00f3n se est\u00e1n tratando datos personales que conciernen a la persona Usuaria o no.<\/li><li>Acceder a sus datos personales.<\/li><li>Rectificar los datos inexactos o incompletos.<\/li><li>Solicitar la supresi\u00f3n de sus datos cuando, entre otros motivos, los datos ya no sean necesarios para los fines que fueron recogidos.<\/li><li>Obtener de Uni\u00f3n de Consumidores de Castilla y Le\u00f3n la limitaci\u00f3n del tratamiento de los datos cuando se cumpla alguna de las condiciones previstas en la normativa de protecci\u00f3n de datos.<\/li><li>Solicitar la portabilidad de sus datos.<\/li><li>Reclamar ante la Agencia Espa\u00f1ola de Protecci\u00f3n de Datos, a trav\u00e9s de la siguiente direcci\u00f3n&nbsp;<a href=\"https:\/\/www.agpd.es\">https:\/\/www.agpd.es<\/a>, cuando el interesado considere que Uni\u00f3n de Consumidores de Castilla y Le\u00f3n ha vulnerado los derechos que le son reconocidos por la normativa aplicable en protecci\u00f3n de datos.<\/li><\/ul>\n\n\n\n<p>10 \u2013&nbsp;<strong>Medidas de seguridad&nbsp;<\/strong><\/p>\n\n\n\n<p>Uni\u00f3n de Consumidores de Castilla y Le\u00f3n tratar\u00e1 los datos de la persona Usuaria en todo momento de forma absolutamente confidencial y guardando el preceptivo deber de secreto respecto de los mismos, de conformidad con lo previsto en la normativa de aplicaci\u00f3n, adoptando al efecto las medidas de \u00edndole t\u00e9cnica y organizativas necesarias que garanticen la seguridad de sus datos y eviten su alteraci\u00f3n, p\u00e9rdida, tratamiento o acceso no autorizado, habida cuenta del estado de la tecnolog\u00eda, la naturaleza de los datos almacenados y los riesgos a que est\u00e1n expuestos.<\/p>\n\n\n\n<p>11 \u2013&nbsp;<strong>Cambios<\/strong><\/p>\n\n\n\n<p>Uni\u00f3n de Consumidores de Castilla y Le\u00f3n podr\u00e1 revisar su Pol\u00edtica de Privacidad cuando por cambios normativos o mejoras de la informaci\u00f3n ofrecida sea necesario. Por esta raz\u00f3n, le rogamos que compruebe de forma regular esta declaraci\u00f3n de privacidad para leer la versi\u00f3n m\u00e1s reciente de la Pol\u00edtica de Privacidad de Uni\u00f3n de Consumidores de Castilla y Le\u00f3n.<\/p>\n","protected":false},"excerpt":{"rendered":"<p>En cumplimiento de la Normativa Europea para proteger la privacidad de personas y el correcto uso de sus datos (RGPD) a partir del 25 de&hellip;<\/p>\n","protected":false},"author":1,"featured_media":0,"parent":0,"menu_order":0,"comment_status":"closed","ping_status":"open","template":"","meta":{"footnotes":""},"class_list":["post-3","page","type-page","status-publish","hentry"],"_links":{"self":[{"href":"https:\/\/www.uce-cyl.org\/web\/wp-json\/wp\/v2\/pages\/3","targetHints":{"allow":["GET"]}}],"collection":[{"href":"https:\/\/www.uce-cyl.org\/web\/wp-json\/wp\/v2\/pages"}],"about":[{"href":"https:\/\/www.uce-cyl.org\/web\/wp-json\/wp\/v2\/types\/page"}],"author":[{"embeddable":true,"href":"https:\/\/www.uce-cyl.org\/web\/wp-json\/wp\/v2\/users\/1"}],"replies":[{"embeddable":true,"href":"https:\/\/www.uce-cyl.org\/web\/wp-json\/wp\/v2\/comments?post=3"}],"version-history":[{"count":1,"href":"https:\/\/www.uce-cyl.org\/web\/wp-json\/wp\/v2\/pages\/3\/revisions"}],"predecessor-version":[{"id":173,"href":"https:\/\/www.uce-cyl.org\/web\/wp-json\/wp\/v2\/pages\/3\/revisions\/173"}],"wp:attachment":[{"href":"https:\/\/www.uce-cyl.org\/web\/wp-json\/wp\/v2\/media?parent=3"}],"curies":[{"name":"wp","href":"https:\/\/api.w.org\/{rel}","templated":true}]}}