{"id":22,"date":"2021-11-14T10:50:11","date_gmt":"2021-11-14T10:50:11","guid":{"rendered":"http:\/\/www.uce-cyl.org\/web\/?page_id=22"},"modified":"2023-05-29T16:42:14","modified_gmt":"2023-05-29T16:42:14","slug":"quienes-somos","status":"publish","type":"page","link":"https:\/\/www.uce-cyl.org\/web\/quienes-somos\/","title":{"rendered":"\u00bfQui\u00e9nes somos?"},"content":{"rendered":"\n<p>Uni\u00f3n de Consumidores de Castilla y Le\u00f3n es una asociaci\u00f3n sin \u00e1nimo de lucro creada en 1989, hace m\u00e1s de 35 a\u00f1os, con la intenci\u00f3n de velar por los intereses de los consumidores y usuarios castellano y leoneses.<\/p>\n\n\n\n<p>Se constituye al amparo de los art\u00edculos 22 y 23 de la Constituci\u00f3n Espa\u00f1ola, y de los art\u00edculos 22 y 23 del Real Decreto Legislativo 1\/2007, de 16 de noviembre, por el que se aprueba el texto refundido de la Ley General para la Defensa de los Consumidores y Usuarios y otras leyes complementarias<\/p>\n\n\n\n<p>La Uni\u00f3n de Consumidores de Castilla y Le\u00f3n es una <strong>asociaci\u00f3n de consumidores<\/strong> sin \u00e1nimo de lucro y de car\u00e1cter democr\u00e1tico y progresista, inscrita en los correspondientes registros de asociaciones de consumidores.<\/p>\n\n\n\n<p><strong>Pretende la mejora de la calidad de vida de los ciudadanos como consumidores y usuarios, la representaci\u00f3n y defensa de sus intereses (individuales y colectivos) y el desarrollo de su participaci\u00f3n en la vida social.<\/strong><\/p>\n\n\n<div class=\"wp-block-image\">\n<figure class=\"aligncenter size-large\"><img loading=\"lazy\" decoding=\"async\" width=\"1024\" height=\"532\" src=\"https:\/\/www.uce-cyl.org\/web\/wp-content\/uploads\/2023\/05\/WEB-QUIENES-SOMOS-1024x532.jpg\" alt=\"\" class=\"wp-image-912\" srcset=\"https:\/\/www.uce-cyl.org\/web\/wp-content\/uploads\/2023\/05\/WEB-QUIENES-SOMOS-1024x532.jpg 1024w, https:\/\/www.uce-cyl.org\/web\/wp-content\/uploads\/2023\/05\/WEB-QUIENES-SOMOS-300x156.jpg 300w, https:\/\/www.uce-cyl.org\/web\/wp-content\/uploads\/2023\/05\/WEB-QUIENES-SOMOS-768x399.jpg 768w, https:\/\/www.uce-cyl.org\/web\/wp-content\/uploads\/2023\/05\/WEB-QUIENES-SOMOS-1536x798.jpg 1536w, https:\/\/www.uce-cyl.org\/web\/wp-content\/uploads\/2023\/05\/WEB-QUIENES-SOMOS-2048x1064.jpg 2048w\" sizes=\"auto, (max-width: 1024px) 100vw, 1024px\" \/><\/figure>\n<\/div>\n\n\n<p>Trabajamos en colaboraci\u00f3n directa con el mejor equipo de abogados de Castilla y Le\u00f3n para garantizar tanto el mejor asesoramiento como la mejor representaci\u00f3n posible.<\/p>\n\n\n\n<p><\/p>\n\n\n\n<p><\/p>\n\n\n\n<p><\/p>\n","protected":false},"excerpt":{"rendered":"<p>Uni\u00f3n de Consumidores de Castilla y Le\u00f3n es una asociaci\u00f3n sin \u00e1nimo de lucro creada en 1989, hace m\u00e1s de 35 a\u00f1os, con la intenci\u00f3n&hellip;<\/p>\n","protected":false},"author":2,"featured_media":0,"parent":0,"menu_order":0,"comment_status":"closed","ping_status":"closed","template":"","meta":{"footnotes":""},"class_list":["post-22","page","type-page","status-publish","hentry"],"_links":{"self":[{"href":"https:\/\/www.uce-cyl.org\/web\/wp-json\/wp\/v2\/pages\/22","targetHints":{"allow":["GET"]}}],"collection":[{"href":"https:\/\/www.uce-cyl.org\/web\/wp-json\/wp\/v2\/pages"}],"about":[{"href":"https:\/\/www.uce-cyl.org\/web\/wp-json\/wp\/v2\/types\/page"}],"author":[{"embeddable":true,"href":"https:\/\/www.uce-cyl.org\/web\/wp-json\/wp\/v2\/users\/2"}],"replies":[{"embeddable":true,"href":"https:\/\/www.uce-cyl.org\/web\/wp-json\/wp\/v2\/comments?post=22"}],"version-history":[{"count":7,"href":"https:\/\/www.uce-cyl.org\/web\/wp-json\/wp\/v2\/pages\/22\/revisions"}],"predecessor-version":[{"id":913,"href":"https:\/\/www.uce-cyl.org\/web\/wp-json\/wp\/v2\/pages\/22\/revisions\/913"}],"wp:attachment":[{"href":"https:\/\/www.uce-cyl.org\/web\/wp-json\/wp\/v2\/media?parent=22"}],"curies":[{"name":"wp","href":"https:\/\/api.w.org\/{rel}","templated":true}]}}