{"id":169,"date":"2021-12-13T06:11:31","date_gmt":"2021-12-13T06:11:31","guid":{"rendered":"https:\/\/www.uce-cyl.org\/web\/?page_id=169"},"modified":"2022-01-22T07:37:19","modified_gmt":"2022-01-22T07:37:19","slug":"aviso-legal","status":"publish","type":"page","link":"https:\/\/www.uce-cyl.org\/web\/aviso-legal\/","title":{"rendered":"AVISO LEGAL"},"content":{"rendered":"\n<h2 class=\"wp-block-heading\">Derechos de propiedad Intelectual<\/h2>\n\n\n\n<p>UCE-CYL.ORG, es un dominio en internet de titularidad de la Uni\u00f3n de Consumidores de Castilla y Le\u00f3n (NIF G47054614), C\/ General Almirante, 7 &#8211; 1\u00ba Dch., 47003 Valladolid. Tel\u00e9fono 983356575.<\/p>\n\n\n\n<p>Se proh\u00edbe la reproducci\u00f3n total o parcial de los contenidos de esta WEB sin citar su origen o solicitar autorizaci\u00f3n.<\/p>\n\n\n\n<p>La informaci\u00f3n contenida en esta web ha sido elaborada por Uni\u00f3n Consumidores de Castilla y Le\u00f3n. El correo de contacto de la web tiene car\u00e1cter meramente informativo, sin que, en ning\u00fan caso, pueda derivarse de la contestaci\u00f3n efecto jur\u00eddico vinculante alguno.<\/p>\n\n\n\n<h2 class=\"wp-block-heading\">Garant\u00edas y Responsabilidades<\/h2>\n\n\n\n<p>Uni\u00f3n de Consumidores de Castilla y Le\u00f3n no garantiza el acceso continuo a los contenidos de su p\u00e1gina Web, ni la ausencia de virus y\/o dem\u00e1s componentes da\u00f1inos en el website o en sus servidores, ni tampoco su correcta visualizaci\u00f3n o descarga.<\/p>\n\n\n\n<p>La empresa no se responsabiliza de posibles da\u00f1os o perjuicios producidos por interferencias, interrupciones o desconexiones en el sistema que sean ajenos a su control ni tampoco de posibles da\u00f1os causados en el sistema inform\u00e1tico del usuario (hardware y software) como consecuencia del acceso a la website.<\/p>\n\n\n\n<p>Uni\u00f3n de Consumidores de Castilla y Le\u00f3n no asume ning\u00fan tipo de responsabilidad por los contenidos de los enlaces de terceros a los que se haga referencia en la Web.<\/p>\n\n\n\n<p>Asimismo, la empresa no asume ninguna responsabilidad que pueda derivarse de la falta de veracidad, integridad o actualizaci\u00f3n de la informaci\u00f3n que se ofrece en su p\u00e1gina Web.<\/p>\n\n\n\n<h2 class=\"wp-block-heading\">Restricciones de Acceso<\/h2>\n\n\n\n<p>Uni\u00f3n de Consumidores de Castilla y Le\u00f3n se reserva el derecho a denegar discrecionalmente, en cualquier momento y sin necesidad de preaviso, el acceso de cualquier usuario a este sitio Web o a alguna parte del mismo.<\/p>\n\n\n\n<h2 class=\"wp-block-heading\">Duraci\u00f3n y Modificaci\u00f3n<\/h2>\n\n\n\n<p>Uni\u00f3n de Consumidores de Castilla y Le\u00f3n se reserva el derecho a modificar y\/o actualizar los t\u00e9rminos y condiciones establecidos en esta Web as\u00ed como sus contenidos. De manera que la vigencia temporal de estas condiciones quedar\u00e1 limitada al tiempo de su exposici\u00f3n.<\/p>\n\n\n\n<h2 class=\"wp-block-heading\">Aceptaci\u00f3n de sus condiciones<\/h2>\n\n\n\n<p>El acceso y navegaci\u00f3n por esta la p\u00e1gina Web comportar\u00e1 la aceptaci\u00f3n de las condiciones generales establecidas en este apartado.<\/p>\n\n\n\n<h2 class=\"wp-block-heading\">Ley aplicable<\/h2>\n\n\n\n<p>Cualquier controversia o reclamaci\u00f3n procedente o relacionada con estas condiciones de uso ser\u00e1 regida por la Ley Espa\u00f1ola, siendo los juzgados y tribunales de Valladolid los \u00fanicos competentes para conocer de la materia.<\/p>\n\n\n\n<p>Si alguna de las estipulaciones contendidas en estas condiciones de uso es declarada ilegal, nula o declarada inaplicable por decisi\u00f3n judicial, el resto de las estipulaciones seguir\u00e1n en pleno vigor y efecto.<\/p>\n","protected":false},"excerpt":{"rendered":"<p>Derechos de propiedad Intelectual UCE-CYL.ORG, es un dominio en internet de titularidad de la Uni\u00f3n de Consumidores de Castilla y Le\u00f3n (NIF G47054614), C\/ General&hellip;<\/p>\n","protected":false},"author":2,"featured_media":0,"parent":0,"menu_order":0,"comment_status":"closed","ping_status":"closed","template":"","meta":{"footnotes":""},"class_list":["post-169","page","type-page","status-publish","hentry"],"_links":{"self":[{"href":"https:\/\/www.uce-cyl.org\/web\/wp-json\/wp\/v2\/pages\/169","targetHints":{"allow":["GET"]}}],"collection":[{"href":"https:\/\/www.uce-cyl.org\/web\/wp-json\/wp\/v2\/pages"}],"about":[{"href":"https:\/\/www.uce-cyl.org\/web\/wp-json\/wp\/v2\/types\/page"}],"author":[{"embeddable":true,"href":"https:\/\/www.uce-cyl.org\/web\/wp-json\/wp\/v2\/users\/2"}],"replies":[{"embeddable":true,"href":"https:\/\/www.uce-cyl.org\/web\/wp-json\/wp\/v2\/comments?post=169"}],"version-history":[{"count":1,"href":"https:\/\/www.uce-cyl.org\/web\/wp-json\/wp\/v2\/pages\/169\/revisions"}],"predecessor-version":[{"id":170,"href":"https:\/\/www.uce-cyl.org\/web\/wp-json\/wp\/v2\/pages\/169\/revisions\/170"}],"wp:attachment":[{"href":"https:\/\/www.uce-cyl.org\/web\/wp-json\/wp\/v2\/media?parent=169"}],"curies":[{"name":"wp","href":"https:\/\/api.w.org\/{rel}","templated":true}]}}